{"id":5,"date":"2018-01-07T17:03:37","date_gmt":"2018-01-07T17:03:37","guid":{"rendered":"https:\/\/lsmg.redeescolardeciencia.pt\/?page_id=5"},"modified":"2018-01-09T16:45:36","modified_gmt":"2018-01-09T16:45:36","slug":"home","status":"publish","type":"page","link":"https:\/\/lsmg.redeescolardeciencia.pt\/","title":{"rendered":"Home"},"content":{"rendered":"<p>1) Execu\u00e7\u00e3o de sondagens em solos e sedimentos com recolha de material para tratamento estat\u00edstico dimensional (Laborat\u00f3rio de Processamento de Amostras em Sedimentologia);<\/p>\n<p>2) realiza\u00e7\u00e3o de perfis geof\u00edsicos (sem perfura\u00e7\u00e3o) em solos e sedimentos para determina\u00e7\u00e3o da estratigrafia, de estruturas (geol\u00f3gicas e elementos enterrados) e de caracter\u00edsticas sedimentol\u00f3gicas, permitindo a obten\u00e7\u00e3o de radargramas para interpreta\u00e7\u00e3o.<\/p>\n","protected":false},"excerpt":{"rendered":"<p>1) Execu\u00e7\u00e3o de sondagens em solos e sedimentos com recolha de material para tratamento estat\u00edstico dimensional (Laborat\u00f3rio de Processamento de Amostras em Sedimentologia); 2) realiza\u00e7\u00e3o [&hellip;]<\/p>\n","protected":false},"author":1,"featured_media":0,"parent":0,"menu_order":0,"comment_status":"closed","ping_status":"closed","template":"template-home.php","meta":{"footnotes":""},"class_list":["post-5","page","type-page","status-publish","hentry"],"_links":{"self":[{"href":"https:\/\/lsmg.redeescolardeciencia.pt\/index.php?rest_route=\/wp\/v2\/pages\/5","targetHints":{"allow":["GET"]}}],"collection":[{"href":"https:\/\/lsmg.redeescolardeciencia.pt\/index.php?rest_route=\/wp\/v2\/pages"}],"about":[{"href":"https:\/\/lsmg.redeescolardeciencia.pt\/index.php?rest_route=\/wp\/v2\/types\/page"}],"author":[{"embeddable":true,"href":"https:\/\/lsmg.redeescolardeciencia.pt\/index.php?rest_route=\/wp\/v2\/users\/1"}],"replies":[{"embeddable":true,"href":"https:\/\/lsmg.redeescolardeciencia.pt\/index.php?rest_route=%2Fwp%2Fv2%2Fcomments&post=5"}],"version-history":[{"count":4,"href":"https:\/\/lsmg.redeescolardeciencia.pt\/index.php?rest_route=\/wp\/v2\/pages\/5\/revisions"}],"predecessor-version":[{"id":24,"href":"https:\/\/lsmg.redeescolardeciencia.pt\/index.php?rest_route=\/wp\/v2\/pages\/5\/revisions\/24"}],"wp:attachment":[{"href":"https:\/\/lsmg.redeescolardeciencia.pt\/index.php?rest_route=%2Fwp%2Fv2%2Fmedia&parent=5"}],"curies":[{"name":"wp","href":"https:\/\/api.w.org\/{rel}","templated":true}]}}